{"id":17168,"date":"2023-04-20T09:31:25","date_gmt":"2023-04-20T09:31:25","guid":{"rendered":"https:\/\/oriolopsi.com\/referencias\/"},"modified":"2025-11-27T12:52:03","modified_gmt":"2025-11-27T12:52:03","slug":"referencies","status":"publish","type":"page","link":"https:\/\/oriolopsi.com\/ca\/referencies\/","title":{"rendered":"Refer\u00e8ncies"},"content":{"rendered":"<section class=\"wpb-content-wrapper\"><p>[vc_row css_animation=&#8221;&#8221; row_type=&#8221;row&#8221; use_row_as_full_screen_section=&#8221;no&#8221; type=&#8221;grid&#8221; angled_section=&#8221;no&#8221; text_align=&#8221;center&#8221; background_image_as_pattern=&#8221;without_pattern&#8221; padding_top=&#8221;87&#8243; z_index=&#8221;&#8221;][vc_column width=&#8221;1\/6&#8243;][\/vc_column][vc_column width=&#8221;2\/6&#8243;][vc_separator type=&#8221;transparent&#8221; up=&#8221;7&#8243; down=&#8221;0&#8243;][vc_single_image image=&#8221;17105&#8243; img_size=&#8221;full&#8221; qode_css_animation=&#8221;element_from_left&#8221; transition_delay=&#8221;0.3&#8243;][vc_separator type=&#8221;transparent&#8221; up=&#8221;15&#8243; down=&#8221;0&#8243;][\/vc_column][vc_column width=&#8221;2\/6&#8243;][vc_column_text]<\/p>\n<h2 style=\"text-align: left;\">Podcast y enlla\u00e7os<\/h2>\n<p>[\/vc_column_text][vc_separator type=&#8221;small&#8221; position=&#8221;left&#8221; down=&#8221;40&#8243; up=&#8221;7&#8243;]<div class=\"q_list circle\">\n\t<\/p>\n<ul>\n<li style=\"text-align: left\">\n<p class=\"p1\"><span class=\"s1\"><a href=\"https:\/\/aen.es\/\">Asociaci\u00f3n Espa\u00f1ola de Neuropsiquiatr\u00eda (AEN)<\/a><\/span><\/p>\n<\/li>\n<li>\n<p class=\"p1\" style=\"text-align: left\"><span class=\"s1\"><a href=\"http:\/\/psiquiatriaisalutmental.cat\/\">Societat Catalana de Psiquiatria i Salut Mental<\/a><\/span><\/p>\n<\/li>\n<li style=\"text-align: left\">\n<p class=\"p1\"><span class=\"s1\"><a href=\"https:\/\/www.anpir.org\/\">Sociedad Espa\u00f1ola de Psicolog\u00eda Cl\u00ednica<\/a><\/span><\/p>\n<\/li>\n<li style=\"text-align: left\">\n<p class=\"p1\"><span class=\"s1\"><a href=\"https:\/\/www.copc.cat\/es\/\">Col\u00b7legi Oficial de Psicologia de Catalunya<\/a><\/span><\/p>\n<\/li>\n<li style=\"text-align: left\">\n<p class=\"p1\"><span class=\"s1\"><a href=\"https:\/\/www.ub.edu\/portal\/web\/aporia-es\">Grupo Aporia<\/a><\/span><\/p>\n<\/li>\n<li style=\"text-align: left\">\n<p class=\"p1\"><span class=\"s1\"><a href=\"https:\/\/www.mentalizacion.org\/\">www.mentalizacion.org<\/a><\/span><\/p>\n<\/li>\n<li style=\"text-align: left\">\n<p class=\"p1\"><span class=\"s1\"><a href=\"https:\/\/www.upf.edu\/web\/mrg\">Multisensory Research Group<\/a><\/span><\/p>\n<\/li>\n<li style=\"text-align: left\">\n<p class=\"p1\"><span class=\"s1\"><a href=\"https:\/\/sannekedehaan.com\">https:\/\/sannekedehaan.com<\/a><\/span><\/p>\n<\/li>\n<li style=\"text-align: left\">\n<p class=\"p1\"><span class=\"s1\"><a href=\"http:\/\/www.criticalpsychiatry.co.uk\">http:\/\/www.criticalpsychiatry.co.uk<\/a><\/span><\/p>\n<\/li>\n<\/ul>\n<p><\/div>[vc_separator type=&#8221;transparent&#8221; up=&#8221;20&#8243; down=&#8221;16&#8243;][\/vc_column][vc_column width=&#8221;1\/6&#8243;][\/vc_column][\/vc_row][vc_row css_animation=&#8221;&#8221; row_type=&#8221;row&#8221; use_row_as_full_screen_section=&#8221;no&#8221; type=&#8221;grid&#8221; angled_section=&#8221;no&#8221; text_align=&#8221;left&#8221; background_image_as_pattern=&#8221;without_pattern&#8221; padding_top=&#8221;87&#8243; background_color=&#8221;#ffffff&#8221;][vc_column width=&#8221;1\/2&#8243;][vc_column_text]<\/p>\n<h2 style=\"text-align: left;\">Llibres<\/h2>\n<p>[\/vc_column_text][vc_separator type=&#8221;small&#8221; position=&#8221;left&#8221; down=&#8221;40&#8243; up=&#8221;7&#8243;]<div class=\"q_list circle\">\n\t<\/p>\n<ul>\n<li><span class=\"s1\">Bateman, A. Fonagy, P. Campbell, C. Luyten, P, Debban\u00e9, M. (2023). <i>Cambridge<br \/>\nGuide to Mentalization-Based Treatment (MBT)<\/i>. Cambridge University Press.<\/span><\/li>\n<li><span class=\"s1\">Buzsaki, G. (2011). <i>The Rhythm of the brain<\/i>. Oxford University Press.<\/span><\/li>\n<li><span class=\"s1\">De Haan, S. (2020). <i>Enactive Psychiatry<\/i>. Cambridge University Press. <\/span><\/li>\n<li><span class=\"s1\">Damasio, A. (2022). <i>El error de Descartes. La emoci\u00f3n, la raz\u00f3n y el cerebro<br \/>\nhumano. (2\u00aa Ed)<\/i>. Booket. <\/span><\/li>\n<li><span class=\"s1\">Esquirol, JM. (2021). <i>Hum\u00e0, m\u00e9s hum\u00e0: una antropologia de la ferida infinita<\/i>. Quaderns Crema.<\/span><\/li>\n<li><span class=\"s1\">Fernandez-Liria, A. y Rodriguez-Vega, B. (2002). <i>Intervenci\u00f3n en crisis<\/i>. Sintesis.<\/span><\/li>\n<li><span class=\"s1\">Fodor, J. and Piattelli-Palmarini, M. (2010). <i>What Darwin got wrong<\/i>. Farrar Straus &amp; Giroux.<\/span><\/li>\n<li><span class=\"s1\">Galimberti, U. (2003). <i>Psiche e Tecne: l\u2019uomo nell\u2019et\u00e1 della tecnica<\/i>. Feltrinelli.<\/span><\/li>\n<li><span class=\"s1\">Hartmut, R. (2021). <i>Lo indisponible<\/i>. Herder.<\/span><\/li>\n<li><span class=\"s1\">Hartogsohn, I. (2020) American Trip: <i>Set, Setting, and the Psychedelic Experience<br \/>\nin the Twentieth Century<\/i>. The MIT Press.<\/span><\/li>\n<li><span class=\"s1\">Kandell, E. Koester, J. Mack, S., Siegelbaum, S. (2021) <i>Principles of Neural Science (6<\/i><span class=\"s1\"><i><sup>th<\/sup><\/i><\/span><i>ed)<\/i>. Mc Graw Hill\/Medical.<\/span><\/li>\n<li><span class=\"s1\">Kolb, B. Whishaw, IQ. (2021). <i>Fundamentals of Human Neuropsychology<\/i>. Worth<br \/>\nPublishers.<\/span><\/li>\n<\/ul>\n<p><\/div>[vc_separator type=&#8221;transparent&#8221; up=&#8221;15&#8243; down=&#8221;0&#8243;][\/vc_column][vc_column width=&#8221;1\/2&#8243;][vc_separator type=&#8221;transparent&#8221; up=&#8221;7&#8243; down=&#8221;70&#8243;]<div class=\"q_list circle\">\n\t<\/p>\n<ul>\n<li><span class=\"s1\">Lewontin, R. (1993). <i>Biology as ideology<\/i>. Harper Prennial.<\/span><\/li>\n<li><span class=\"s1\">Libet, B. (2005). <i>Mind time: The Temporal Factor in Consciousness<\/i>. Harvard University Press.<\/span><\/li>\n<li><span class=\"s1\">Moncrieff, J. (2013). <i>Hablando claro<\/i>. Herder.<\/span><\/li>\n<li><span class=\"s1\">Monod, J. (1970). <i>El caso y el azar<\/i>. Tusquets Editores.<\/span><\/li>\n<li><span class=\"s1\">Newen, A. De Bruin, L, Gallagher S. <i>The Oxford Handbook of 4E Cognition. 1st Ed.<br \/>\nOxford: Ed. Oxford University Press; 2018.<\/i>.<\/span><\/li>\n<li><span class=\"s1\">Panksepp, J. Biven, L. (2012). <i>The Archeology of Mind: Neuroevolutionary Origins of<br \/>\nHumans Emotions. (1st ed.)<\/i>. W W Norton &amp; Company; 2012.<\/span><\/li>\n<li><span class=\"s1\">Stahl, S.M. (2023). <i>Psicofarmacolog\u00eda Esencial de Stahl (5\u00aaed.)<\/i>. UNED.<\/span><\/li>\n<li><span class=\"s1\">Tiz\u00f3n, JL. (2018). <i>Apuntes para una Psicopatolog\u00eda basada en la Relaci\u00f3n (1-4 vols)<\/i>. Herder.<\/span><\/li>\n<li><span class=\"s1\">Van der Kolk, B. (2015). <i>El cuerpo lleva la cuenta<\/i>. Eleftheriae.<\/span><\/li>\n<li><span class=\"s1\">Vassallo, B. (2018). <i>Pensamiento Mon\u00f3gamo. Terror Poliamoros<\/i>. La oveja roja.<\/span><\/li>\n<li><span class=\"s1\">Wainrib, B. y Bloch, E. (2009). <i>Intervenci\u00f3n En Crisis Y Respuesta Al Trauma<\/i>. Descl\u00e9e de Brower.<\/span><\/li>\n<li><span class=\"s1\">Weber, M. (1919). <i>La ciencia como vocaci\u00f3n<\/i>. Biblioteca Nueva.<\/span><\/li>\n<\/ul>\n<p><\/div>[vc_separator type=&#8221;transparent&#8221; up=&#8221;15&#8243; down=&#8221;0&#8243;][\/vc_column][\/vc_row][vc_row css_animation=&#8221;&#8221; row_type=&#8221;row&#8221; use_row_as_full_screen_section=&#8221;no&#8221; type=&#8221;grid&#8221; angled_section=&#8221;no&#8221; text_align=&#8221;left&#8221; background_image_as_pattern=&#8221;without_pattern&#8221; padding_top=&#8221;87&#8243; background_color=&#8221;#ffffff&#8221;][vc_column][vc_column_text]<\/p>\n<h2 style=\"text-align: left;\">I alguns articles&#8230;<\/h2>\n<p>[\/vc_column_text][vc_separator type=&#8221;small&#8221; position=&#8221;left&#8221; down=&#8221;40&#8243; up=&#8221;7&#8243;]<div class=\"q_list circle\">\n\t<\/p>\n<ul>\n<li><span class=\"s1\">Cuthbert BN, Insel TR. Toward the future of psychiatric diagnosis: the seven pillars of RDoC. BMC Med. 2013; 11:126.<\/span><\/li>\n<li><span class=\"s1\">Dore J, Turnipseed B, Dwyer S, Turnipseed A, Andries J, Ascani G, et al. Ketamine assisted psychotherapy (KAP): patient demographics, clinical data and outcomes in three large practices administering ketamine with psychotherapy. J Psychoactive Drugs. 2019; 51:189\u2013198.<\/span><\/li>\n<li><span class=\"s1\">Goldfried MR. Obtaining consensus in psychotherapy: What holds us back? Am Psychol. 2019 May-Jun;74(4):484-496.<\/span><\/li>\n<li><span class=\"s1\">Gr\u00fcnder G, Brand M, Mertens L, Jungaberle H, K\u00e4rtner L, Scharf D et al, Treatment with psychedelics is psychotherapy: beyond reductionism. Lancet Psychiatry. 2024; 11(3):231-236. <\/span><\/li>\n<li><span class=\"s1\">Hartogsohn I. Constructing drug effects: A history of set and setting. Drug science policy and law. 2017;3(0):1-17.<\/span><\/li>\n<li><span class=\"s1\">Morris SE, Sanislow CA, Pacheco J, Vaidyanathan U, Gordon JA, Cuthbert BN. Revisiting the seven pillars of RDoC. BMC Med. 2022; 20(1):220.<\/span><\/li>\n<li><span class=\"s1\">Panksepp J. The cross-mammalian neurophenomenology of primal emotional affects: From animal feelings to human therapeutics. J Comp Neurol. 2016; 524(8):1624-35.<\/span><\/li>\n<li><span class=\"s1\">Panksepp J, Lane RD, Solms M, Smith R. Reconciling cognitive and affective neuroscience perspectives on the brain basis of emotional experience. Neurosci Biobehav Rev. 2017; 76(Pt B):187-215.<\/span><\/li>\n<li><span class=\"s1\">Pronovost-Morgan C, Hartogsohn I, Ramaekers J. Harnessing placebo: Lessons from psychedelic science. J Psychopharmacol 2023;37(9):866-875.<\/span><\/li>\n<li><span class=\"s1\">Zachar P, Kendler K. Psychiatric disorders: a conceptual taxonomy. Am J Psychiatry 2007; 164: 557-565.<\/span><\/li>\n<\/ul>\n<p><\/div>[vc_separator type=&#8221;transparent&#8221; up=&#8221;15&#8243; down=&#8221;0&#8243;][\/vc_column][\/vc_row][vc_row css_animation=&#8221;&#8221; row_type=&#8221;row&#8221; use_row_as_full_screen_section=&#8221;no&#8221; type=&#8221;full_width&#8221; angled_section=&#8221;no&#8221; text_align=&#8221;center&#8221; background_image_as_pattern=&#8221;without_pattern&#8221; z_index=&#8221;&#8221;][vc_column][vc_separator type=&#8221;transparent&#8221; up=&#8221;50&#8243; down=&#8221;0&#8243;]<a  itemprop=\"url\" href=\"https:\/\/oriolopsi.com\/ca\/\" target=\"_self\"  class=\"qbutton  medium default\" style=\"\">INICI<i class=\"qode_icon_font_awesome fa fa-home qode_button_icon_element\"><\/i><\/a>[vc_separator type=&#8221;transparent&#8221; up=&#8221;94&#8243; down=&#8221;0&#8243;][\/vc_column][\/vc_row]<\/p>\n<\/section>","protected":false},"excerpt":{"rendered":"<p>[vc_row css_animation=&#8221;&#8221; row_type=&#8221;row&#8221; use_row_as_full_screen_section=&#8221;no&#8221; type=&#8221;grid&#8221; angled_section=&#8221;no&#8221; text_align=&#8221;center&#8221; background_image_as_pattern=&#8221;without_pattern&#8221; padding_top=&#8221;87&#8243; z_index=&#8221;&#8221;][vc_column width=&#8221;1\/6&#8243;][\/vc_column][vc_column width=&#8221;2\/6&#8243;][vc_separator type=&#8221;transparent&#8221; up=&#8221;7&#8243; down=&#8221;0&#8243;][vc_single_image image=&#8221;17105&#8243; img_size=&#8221;full&#8221; qode_css_animation=&#8221;element_from_left&#8221; transition_delay=&#8221;0.3&#8243;][vc_separator type=&#8221;transparent&#8221; up=&#8221;15&#8243; down=&#8221;0&#8243;][\/vc_column][vc_column width=&#8221;2\/6&#8243;][vc_column_text] Podcast y enlla\u00e7os [\/vc_column_text][vc_separator type=&#8221;small&#8221; position=&#8221;left&#8221; down=&#8221;40&#8243; up=&#8221;7&#8243;][vc_separator type=&#8221;transparent&#8221; up=&#8221;20&#8243; down=&#8221;16&#8243;][\/vc_column][vc_column width=&#8221;1\/6&#8243;][\/vc_column][\/vc_row][vc_row css_animation=&#8221;&#8221; row_type=&#8221;row&#8221; use_row_as_full_screen_section=&#8221;no&#8221; type=&#8221;grid&#8221; angled_section=&#8221;no&#8221; text_align=&#8221;left&#8221; background_image_as_pattern=&#8221;without_pattern&#8221; padding_top=&#8221;87&#8243; background_color=&#8221;#ffffff&#8221;][vc_column width=&#8221;1\/2&#8243;][vc_column_text]&#8230;<\/p>\n","protected":false},"author":2,"featured_media":0,"parent":0,"menu_order":0,"comment_status":"open","ping_status":"open","template":"full_width.php","meta":{"footnotes":""},"class_list":["post-17168","page","type-page","status-publish","hentry"],"_links":{"self":[{"href":"https:\/\/oriolopsi.com\/ca\/wp-json\/wp\/v2\/pages\/17168","targetHints":{"allow":["GET"]}}],"collection":[{"href":"https:\/\/oriolopsi.com\/ca\/wp-json\/wp\/v2\/pages"}],"about":[{"href":"https:\/\/oriolopsi.com\/ca\/wp-json\/wp\/v2\/types\/page"}],"author":[{"embeddable":true,"href":"https:\/\/oriolopsi.com\/ca\/wp-json\/wp\/v2\/users\/2"}],"replies":[{"embeddable":true,"href":"https:\/\/oriolopsi.com\/ca\/wp-json\/wp\/v2\/comments?post=17168"}],"version-history":[{"count":15,"href":"https:\/\/oriolopsi.com\/ca\/wp-json\/wp\/v2\/pages\/17168\/revisions"}],"predecessor-version":[{"id":17570,"href":"https:\/\/oriolopsi.com\/ca\/wp-json\/wp\/v2\/pages\/17168\/revisions\/17570"}],"wp:attachment":[{"href":"https:\/\/oriolopsi.com\/ca\/wp-json\/wp\/v2\/media?parent=17168"}],"curies":[{"name":"wp","href":"https:\/\/api.w.org\/{rel}","templated":true}]}}