{"id":17187,"date":"2014-03-24T10:54:51","date_gmt":"2014-03-24T10:54:51","guid":{"rendered":"https:\/\/oriolopsi.com\/sobre-mi\/"},"modified":"2023-05-11T17:16:18","modified_gmt":"2023-05-11T17:16:18","slug":"sobre-mi","status":"publish","type":"page","link":"https:\/\/oriolopsi.com\/ca\/sobre-mi\/","title":{"rendered":"M\u00e9s sobre mi"},"content":{"rendered":"<section class=\"wpb-content-wrapper\"><p>[vc_row css_animation=&#8221;&#8221; row_type=&#8221;row&#8221; use_row_as_full_screen_section=&#8221;no&#8221; type=&#8221;grid&#8221; angled_section=&#8221;no&#8221; text_align=&#8221;left&#8221; background_image_as_pattern=&#8221;without_pattern&#8221; padding_top=&#8221;87&#8243; padding_bottom=&#8221;0&#8243; background_color=&#8221;rgba(218,197,85,0.19)&#8221; z_index=&#8221;&#8221; css=&#8221;.vc_custom_1682515167234{background-color: rgba(218,197,85,0.19) !important;*background-color: rgb(218,197,85) !important;}&#8221;][vc_column width=&#8221;1\/3&#8243;][vc_single_image image=&#8221;16723&#8243; img_size=&#8221;large&#8221; alignment=&#8221;center&#8221; qode_css_animation=&#8221;&#8221;][vc_separator type=&#8221;transparent&#8221; up=&#8221;31&#8243; down=&#8221;19&#8243;][\/vc_column][vc_column width=&#8221;2\/3&#8243;][vc_column_text css=&#8221;.vc_custom_1683027322165{margin-bottom: 15px !important;}&#8221;]<\/p>\n<h4 style=\"text-align: left;\">Soc metge psiquiatra d\u2019origen itali\u00e0 (Brescia, 14 de Febrer de 1983), i visc a Barcelona des del 2010. Despr\u00e9s de graduar-me en medicina en la Universitat de la ciutat on vaig n\u00e9ixer, amb un treball de fi de carrera sobre malalties immunol\u00f2giques pedi\u00e0triques (\u201cCorrelaci\u00f3 entre les dades cl\u00ednic-immunol\u00f2giques i alteracions pulmonars: estudi longitudinal amb 40 pacients afectes per immunodefici\u00e8ncia comuna variable\u201d), he viatjat un any per Sud-Am\u00e8rica realitzant tamb\u00e9 activitat de voluntariat (<span style=\"text-decoration: underline;\"><a href=\"http:\/\/almasyclandestinos.blogspot.com\/\"><span class=\"s1\">BLOG<\/span><\/a><\/span>).<\/h4>\n<p>[\/vc_column_text][vc_column_text]<\/p>\n<h4 style=\"text-align: left;\">Topant-me amb m\u00e9s preguntes que respostes, vaig decidir mudar-me a Barcelona, a on vaig comen\u00e7ar a treballar com a metge a domicili per a m\u00fatues privades (2010-2013), el que em va permetre con\u00e8ixer des de ben a prop el teixit social catal\u00e0. Paral\u00b7lelament, vaig realitzar un m\u00e0ster en neuroci\u00e8ncies b\u00e0siques per la Universitat Aut\u00f2noma de Barcelona, el que em va permetre adquirir i elaborar unes renovades bases te\u00f2riques sobre el funcionament del sistema nervi\u00f3s i de la seva complexa interacci\u00f3 amb la resta del cos. Aleshores, vaig decidir vincular-me a un grup de treball sobre processos d\u2019integraci\u00f3 multisensorial a la Universitat Pompeu Fabra (<span style=\"text-decoration: underline;\"><a href=\"https:\/\/www.upf.edu\/web\/mrg\"><span class=\"s1\">Multisensory Research Group<\/span><\/a><\/span>), on vaig publicar el meu primer article sobre com els processos atencionals (l\u2019atenci\u00f3) modulen les percepcions (<span style=\"text-decoration: underline;\"><a href=\"https:\/\/pubmed.ncbi.nlm.nih.gov\/24689879\/\"><span class=\"s1\">art\u00edculo<\/span><\/a><\/span>).<\/h4>\n<p>[\/vc_column_text][vc_separator type=&#8221;transparent&#8221; up=&#8221;31&#8243; down=&#8221;19&#8243;][\/vc_column][\/vc_row][vc_row css_animation=&#8221;&#8221; row_type=&#8221;row&#8221; use_row_as_full_screen_section=&#8221;no&#8221; type=&#8221;grid&#8221; angled_section=&#8221;no&#8221; text_align=&#8221;left&#8221; background_image_as_pattern=&#8221;without_pattern&#8221; padding_top=&#8221;0&#8243; padding_bottom=&#8221;0&#8243; background_color=&#8221;rgba(218,197,85,0.19)&#8221; z_index=&#8221;&#8221;][vc_column width=&#8221;2\/3&#8243;][vc_column_text css=&#8221;.vc_custom_1683027395886{margin-bottom: 15px !important;}&#8221;]<\/p>\n<h4 style=\"text-align: left;\">Aquestes experi\u00e8ncies formatives i de recerca en ci\u00e8ncies b\u00e0siques em van preparar per a l\u2019especialitat de psiquiatria, que vaig realitzar via MIR a l\u2019Hospital Cl\u00ednic de Barcelona.<\/h4>\n<p>[\/vc_column_text][vc_column_text css=&#8221;.vc_custom_1683027421658{margin-bottom: 15px !important;}&#8221;]<\/p>\n<h4 style=\"text-align: left;\">En aquest Hospital vaig treballar durant sis anys, interessant-me prim\u00e0riament per la psiquiatria d\u2019enlla\u00e7 i la psicosom\u00e0tica, i desenvolupant activitat investigadora que em va permetre l\u2019elaboraci\u00f3 d\u2019una tesi doctoral sobre relacions entre s\u00edmptomes mentals, sistema nervi\u00f3s central i sistema immunitari (<span style=\"text-decoration: underline;\"><a href=\"http:\/\/diposit.ub.edu\/dspace\/handle\/2445\/145640\"><span class=\"s1\"><i>\u201cMood, immunity and brain connectivity in patients with chronic hepatitis C<\/i>\u201d<\/span><\/a><\/span>).<span class=\"Apple-converted-space\"> \u00a0<\/span><\/h4>\n<p>[\/vc_column_text][vc_column_text css=&#8221;.vc_custom_1683027439234{margin-bottom: 15px !important;}&#8221;]<\/p>\n<h4 style=\"text-align: left;\">Vaig realitzar col\u00b7laboracions amb investigadors de diverses parts del m\u00f3n, arribant a publicar diversos articles i cap\u00edtols de llibres, i participant amb p\u00f2sters i pon\u00e8ncies en congressos nacionals i internacionals (<span style=\"text-decoration: underline;\"><a href=\"https:\/\/pubmed.ncbi.nlm.nih.gov\/?term=Oriolo+G&amp;sort=fauth\"><span class=\"s1\">Pubmed<\/span><\/a><\/span>).<\/h4>\n<p>[\/vc_column_text][vc_column_text]<\/p>\n<h4 style=\"text-align: left;\">Tamb\u00e9 vaig dur a terme una estada de quatre mesos al centre d\u2019investigaci\u00f3 de psiquiatria traslacional de la Universitat de Bordeaux (<span style=\"text-decoration: underline;\"><a href=\"https:\/\/brain.labex.u-bordeaux.fr\/en\/Ecosystem\/Research-laboratories\/NutriNeuro\/r1913.html\"><span class=\"s1\">Nutrineuro<\/span><\/a><\/span>), que em va permetre adquirir la menci\u00f3 internacional de la tesi.<\/h4>\n<p>[\/vc_column_text][vc_separator type=&#8221;transparent&#8221; up=&#8221;31&#8243; down=&#8221;19&#8243;][\/vc_column][vc_column width=&#8221;1\/3&#8243;][vc_single_image image=&#8221;16749&#8243; img_size=&#8221;large&#8221; alignment=&#8221;center&#8221; qode_css_animation=&#8221;&#8221;][vc_separator type=&#8221;transparent&#8221; up=&#8221;31&#8243; down=&#8221;19&#8243;][\/vc_column][\/vc_row][vc_row css_animation=&#8221;&#8221; row_type=&#8221;row&#8221; use_row_as_full_screen_section=&#8221;no&#8221; type=&#8221;grid&#8221; angled_section=&#8221;no&#8221; text_align=&#8221;left&#8221; background_image_as_pattern=&#8221;without_pattern&#8221; padding_top=&#8221;0&#8243; padding_bottom=&#8221;0&#8243; background_color=&#8221;rgba(218,197,85,0.19)&#8221; z_index=&#8221;&#8221;][vc_column width=&#8221;1\/3&#8243; offset=&#8221;vc_hidden-xs&#8221;][vc_single_image image=&#8221;16754&#8243; img_size=&#8221;large&#8221; alignment=&#8221;center&#8221; qode_css_animation=&#8221;&#8221;][vc_separator type=&#8221;transparent&#8221; up=&#8221;31&#8243; down=&#8221;19&#8243;][\/vc_column][vc_column width=&#8221;2\/3&#8243;][vc_column_text css=&#8221;.vc_custom_1683822379087{margin-bottom: 15px !important;}&#8221;]<\/p>\n<h4 style=\"text-align: left;\">Desitj\u00f3s d\u2019aplicar els coneixements assolits a la pr\u00e0ctica cl\u00ednica d\u2019una forma integrada, vaig decidir a moure\u2019m a un dispositiu dedicat a la psiquiatria comunit\u00e0ria comunitaria (<span style=\"text-decoration: underline;\"><a href=\"https:\/\/www.cpbssm.org\/hospital-dia-corsega\/\"><span class=\"s1\">Centre Psicoterap\u00e9utic de Barcelona CPB &#8211; Hospital de d\u00eda<\/span><\/a><\/span>), on actualment porto quatre anys treballant d\u2019adjunt especialista i coordinador en funcions, realitzant de psiquiatra i de psicoterapeuta en tractaments grupals i individuals. Paral\u00b7lelament, he exercit de <span style=\"text-decoration: underline;\"><a href=\"https:\/\/producciocientifica.upf.edu\/CawDOS\/jsf\/seleccionActividades\/seleccionActividades.jsf?id=988b0a6163375bca&amp;idioma=ca&amp;tipo=activ&amp;elmeucv=N\"><span class=\"s1\">professor associat<\/span><\/a><\/span> en l\u2019assignatura de psicologia del grau de medicina de la Universitat Pompeu Fabra, fins la seva definitiva eliminaci\u00f3 de la assignatura del programa del grau de medicina.<\/h4>\n<p>[\/vc_column_text][vc_column_text]<\/p>\n<h4 style=\"text-align: left;\">Les experi\u00e8ncies descrites m\u2019han perm\u00e8s cr\u00e9ixer com a investigador, professional, estudi\u00f3s, per\u00f2 sobretot com a persona, i elaborar un sentit cr\u00edtic, humil, obert i curi\u00f3s cap a la professi\u00f3 de la psiquiatria. Conscient dels l\u00edmits del model neuroreduccionista i biologicista en el tractament del patiment mental (subjectiu per la seva pr\u00f2pia naturalesa i ess\u00e8ncia), m\u2019he anat dedicant a l\u2019exploraci\u00f3 de nous paradigmes i llenguatges, interessant-me per la filosofia de la salut mental i en les psicoter\u00e0pies, amb l\u2019objectiu d\u2019oferir la millor resposta al sofriment ps\u00edquic en totes les seves formes i manifestacions.<\/h4>\n<p>[\/vc_column_text][vc_separator type=&#8221;transparent&#8221; down=&#8221;30&#8243;][\/vc_column][\/vc_row][vc_row css_animation=&#8221;&#8221; row_type=&#8221;row&#8221; use_row_as_full_screen_section=&#8221;no&#8221; type=&#8221;full_width&#8221; angled_section=&#8221;no&#8221; text_align=&#8221;center&#8221; background_image_as_pattern=&#8221;without_pattern&#8221; z_index=&#8221;&#8221; background_color=&#8221;rgba(218,197,85,0.19)&#8221;][vc_column][vc_row_inner row_type=&#8221;row&#8221; type=&#8221;full_width&#8221; text_align=&#8221;center&#8221; css_animation=&#8221;&#8221;][vc_column_inner width=&#8221;1\/6&#8243;][\/vc_column_inner][vc_column_inner width=&#8221;1\/6&#8243;][\/vc_column_inner][vc_column_inner width=&#8221;1\/6&#8243; css=&#8221;.vc_custom_1683024829192{margin-top: 5px !important;}&#8221;]<a  itemprop=\"url\" href=\"https:\/\/oriolopsi.com\/wp-content\/uploads\/2023\/02\/CV_GO_ESP_2023.pdf\" target=\"_self\"  class=\"qbutton  medium default\" style=\"\">EL MEU CV<i class=\"qode_icon_font_awesome fa fa-file qode_button_icon_element\"><\/i><\/a>[\/vc_column_inner][vc_column_inner width=&#8221;1\/6&#8243; css=&#8221;.vc_custom_1683024837941{margin-top: 5px !important;}&#8221;]<a  itemprop=\"url\" href=\"https:\/\/oriolopsi.com\/ca\" target=\"_self\"  class=\"qbutton  medium default\" style=\"\">INICI<i class=\"qode_icon_font_awesome fa fa-file qode_button_icon_element\"><\/i><\/a>[\/vc_column_inner][vc_column_inner width=&#8221;1\/6&#8243;][\/vc_column_inner][vc_column_inner width=&#8221;1\/6&#8243;][\/vc_column_inner][\/vc_row_inner][vc_separator type=&#8221;transparent&#8221; down=&#8221;30&#8243;][\/vc_column][\/vc_row]<\/p>\n<\/section>","protected":false},"excerpt":{"rendered":"<p>[vc_row css_animation=&#8221;&#8221; row_type=&#8221;row&#8221; use_row_as_full_screen_section=&#8221;no&#8221; type=&#8221;grid&#8221; angled_section=&#8221;no&#8221; text_align=&#8221;left&#8221; background_image_as_pattern=&#8221;without_pattern&#8221; padding_top=&#8221;87&#8243; padding_bottom=&#8221;0&#8243; background_color=&#8221;rgba(218,197,85,0.19)&#8221; z_index=&#8221;&#8221; css=&#8221;.vc_custom_1682515167234{background-color: rgba(218,197,85,0.19) !important;*background-color: rgb(218,197,85) !important;}&#8221;][vc_column width=&#8221;1\/3&#8243;][vc_single_image image=&#8221;16723&#8243; img_size=&#8221;large&#8221; alignment=&#8221;center&#8221; qode_css_animation=&#8221;&#8221;][vc_separator type=&#8221;transparent&#8221; up=&#8221;31&#8243; down=&#8221;19&#8243;][\/vc_column][vc_column width=&#8221;2\/3&#8243;][vc_column_text css=&#8221;.vc_custom_1683027322165{margin-bottom: 15px !important;}&#8221;] Soc metge psiquiatra d\u2019origen itali\u00e0 (Brescia, 14 de Febrer de 1983), i visc a Barcelona des&#8230;<\/p>\n","protected":false},"author":2,"featured_media":0,"parent":0,"menu_order":0,"comment_status":"open","ping_status":"open","template":"full_width.php","meta":{"footnotes":""},"class_list":["post-17187","page","type-page","status-publish","hentry"],"_links":{"self":[{"href":"https:\/\/oriolopsi.com\/ca\/wp-json\/wp\/v2\/pages\/17187","targetHints":{"allow":["GET"]}}],"collection":[{"href":"https:\/\/oriolopsi.com\/ca\/wp-json\/wp\/v2\/pages"}],"about":[{"href":"https:\/\/oriolopsi.com\/ca\/wp-json\/wp\/v2\/types\/page"}],"author":[{"embeddable":true,"href":"https:\/\/oriolopsi.com\/ca\/wp-json\/wp\/v2\/users\/2"}],"replies":[{"embeddable":true,"href":"https:\/\/oriolopsi.com\/ca\/wp-json\/wp\/v2\/comments?post=17187"}],"version-history":[{"count":9,"href":"https:\/\/oriolopsi.com\/ca\/wp-json\/wp\/v2\/pages\/17187\/revisions"}],"predecessor-version":[{"id":17383,"href":"https:\/\/oriolopsi.com\/ca\/wp-json\/wp\/v2\/pages\/17187\/revisions\/17383"}],"wp:attachment":[{"href":"https:\/\/oriolopsi.com\/ca\/wp-json\/wp\/v2\/media?parent=17187"}],"curies":[{"name":"wp","href":"https:\/\/api.w.org\/{rel}","templated":true}]}}