{"id":17302,"date":"2014-03-26T14:44:33","date_gmt":"2014-03-26T14:44:33","guid":{"rendered":"https:\/\/oriolopsi.com\/filosofia\/"},"modified":"2023-05-11T16:24:59","modified_gmt":"2023-05-11T16:24:59","slug":"filosofia","status":"publish","type":"page","link":"https:\/\/oriolopsi.com\/it\/filosofia\/","title":{"rendered":"Filosofia di lavoro"},"content":{"rendered":"<section class=\"wpb-content-wrapper\"><p>[vc_row css_animation=&#8221;&#8221; row_type=&#8221;row&#8221; use_row_as_full_screen_section=&#8221;no&#8221; type=&#8221;grid&#8221; angled_section=&#8221;no&#8221; text_align=&#8221;left&#8221; background_image_as_pattern=&#8221;without_pattern&#8221; z_index=&#8221;&#8221; padding_top=&#8221;87&#8243;][vc_column el_class=&#8221;start&#8221;][vc_column_text]<\/p>\n<h4 class=\"p1\" style=\"text-align: center;\">Questo progetto nasce dalla necessit\u00e0 di fornire una Salute Mentale senza fretta, con attenzione e rispetto; la persona ne rappresenta il foco, in senso ampio, totale, integrato e omnicomprensivo.<\/h4>\n<p>[\/vc_column_text][\/vc_column][\/vc_row][vc_row css_animation=&#8221;&#8221; row_type=&#8221;row&#8221; use_row_as_full_screen_section=&#8221;no&#8221; type=&#8221;grid&#8221; angled_section=&#8221;no&#8221; text_align=&#8221;left&#8221; background_image_as_pattern=&#8221;without_pattern&#8221; padding_top=&#8221;87&#8243;][vc_column width=&#8221;1\/3&#8243;][vc_separator type=&#8221;transparent&#8221; up=&#8221;7&#8243; down=&#8221;0&#8243;][vc_single_image image=&#8221;16761&#8243; img_size=&#8221;full&#8221; qode_css_animation=&#8221;element_from_left&#8221; transition_delay=&#8221;0.3&#8243;][vc_separator type=&#8221;transparent&#8221; up=&#8221;15&#8243; down=&#8221;0&#8243;][\/vc_column][vc_column width=&#8221;2\/3&#8243;][vc_column_text]<\/p>\n<h2 style=\"text-align: left;\">Necessit\u00e0<\/h2>\n<p>[\/vc_column_text][vc_separator type=&#8221;small&#8221; position=&#8221;left&#8221; down=&#8221;24&#8243; up=&#8221;7&#8243;][vc_column_text]<\/p>\n<h4 class=\"p1\">Il gap fra dimensione fisiologica\/organica e dimensione esperienziale nel e del disturbo psichiatrico rappresenta un problema complesso, in termini di salute mentale integrata. Tanto i modelli riduzionisti quanto i modelli basati sul dualismo mente-corpo, offrono risposte parziali alla sofferenza psicologica. Da qui la necessit\u00e0 di avvalersi di una struttura teorica che sappia coinvolgere gli eterogenei fenomeni che sottendono il disturbo psichico, nel suo sviluppo e nella sua persistenza, e che consenta di comprendere le conseguenze delle differenti modalit\u00e0 di intervento terapeutico.<\/h4>\n<p>[\/vc_column_text][vc_separator type=&#8221;transparent&#8221; up=&#8221;20&#8243; down=&#8221;16&#8243;][\/vc_column][\/vc_row][vc_row css_animation=&#8221;&#8221; row_type=&#8221;row&#8221; use_row_as_full_screen_section=&#8221;no&#8221; type=&#8221;grid&#8221; angled_section=&#8221;no&#8221; text_align=&#8221;left&#8221; background_image_as_pattern=&#8221;without_pattern&#8221; padding_top=&#8221;87&#8243; background_color=&#8221;#ffffff&#8221;][vc_column width=&#8221;2\/3&#8243;][vc_column_text]<\/p>\n<h2 style=\"text-align: left;\">Concetto<\/h2>\n<p>[\/vc_column_text][vc_separator type=&#8221;small&#8221; position=&#8221;left&#8221; down=&#8221;24&#8243; up=&#8221;7&#8243;][vc_column_text]<\/p>\n<h4 class=\"p1\">Per questo motivo faccio riferimento alla prospettiva enattiva della salute mentale, secondo la quale tutta la attivit\u00e0 mentale (percezione, emozione, pensiero e comportamento) converge nella <b>generazione di un senso<\/b> (o significato). La generazione di significato si basa sull\u2019interazione tra la Persona e il suo Ambiente. <b>Parlo di Persona<\/b> riferendomi al <b>Corpo<\/b> (ovvero, ai processi fisiologici), alle <b>Esperienze<\/b> e alla Capacit\u00e0 riflessiva (ovvero, alla capacit\u00e0 di ragionare su s\u00e9 stessa). <b>Parlo di Ambiente<\/b> riferendomi al mondo (ovvero, al <b>contesto socio-culturale e materiale<\/b> inerente alla persona).<\/h4>\n<p>[\/vc_column_text][vc_separator type=&#8221;transparent&#8221; up=&#8221;15&#8243; down=&#8221;0&#8243;][vc_column_text]<\/p>\n<h4 class=\"p1\">Identificare la \u201cmalattia mentale\u201d come un \u201cdisturbo della generazione di significato\u201d, implica e sottintende attribuire alla sofferenza psicologica una valenza olistica, che integri le quattro dimensioni fondanti e interdipendenti che partecipano allo sviluppo del disturbo mentale: <b>la dimensione esperienziale, fisiologica, socio-culturale e esistenziale<\/b>. *<\/h4>\n<p>[\/vc_column_text][vc_separator type=&#8221;transparent&#8221; up=&#8221;15&#8243; down=&#8221;0&#8243;][\/vc_column][vc_column width=&#8221;1\/3&#8243; offset=&#8221;vc_hidden-xs&#8221;][vc_separator type=&#8221;transparent&#8221; up=&#8221;7&#8243; down=&#8221;0&#8243;][vc_single_image image=&#8221;16770&#8243; img_size=&#8221;full&#8221; qode_css_animation=&#8221;element_from_right&#8221; transition_delay=&#8221;0.3&#8243;][\/vc_column][\/vc_row][vc_row css_animation=&#8221;&#8221; row_type=&#8221;row&#8221; use_row_as_full_screen_section=&#8221;no&#8221; type=&#8221;grid&#8221; angled_section=&#8221;no&#8221; text_align=&#8221;left&#8221; background_image_as_pattern=&#8221;without_pattern&#8221; padding_top=&#8221;87&#8243; el_class=&#8221;less_bottom_space_column&#8221; z_index=&#8221;&#8221;][vc_column width=&#8221;1\/3&#8243;][vc_separator type=&#8221;transparent&#8221; up=&#8221;7&#8243; down=&#8221;0&#8243;][vc_single_image image=&#8221;16774&#8243; img_size=&#8221;full&#8221; qode_css_animation=&#8221;element_from_left&#8221; transition_delay=&#8221;0.3&#8243;][vc_separator type=&#8221;transparent&#8221; up=&#8221;15&#8243; down=&#8221;0&#8243;][\/vc_column][vc_column width=&#8221;2\/3&#8243;][vc_column_text]<\/p>\n<h2 style=\"text-align: left;\">Terapia<\/h2>\n<p>[\/vc_column_text][vc_separator type=&#8221;small&#8221; position=&#8221;left&#8221; down=&#8221;24&#8243; up=&#8221;7&#8243;][vc_column_text]<\/p>\n<h4 class=\"p1\">La mia azione specifica si focalizza principalmente sulla <b>dimensione fisiologica<\/b> del disturbo mentale, sempre in prospettiva integrata e interdinamica: identificare certi sintomi mi permette di considerare l\u2019opportunit\u00e0 di <b>interventi farmacologici<\/b>.<\/h4>\n<p>[\/vc_column_text][vc_separator type=&#8221;transparent&#8221; up=&#8221;20&#8243; down=&#8221;16&#8243;][vc_column_text]<\/p>\n<h4 class=\"p1\">Sappiamo che l\u2019uso di certe molecole in determinati disturbi psichiatrici ha a che vedere con l\u2019interferenza e modulazione della neurochimica cerebrale, generando una serie di effetti attesi (basati su evidenza scientifica) che possono aiutare e alleviare la sofferenza mentale in determinate condizioni. Abbandonare il linguaggio farmacologico che rimanda alla malattia (\u201cantidepressivi\u201d, \u201cansiolitici\u201d) avvalendosi invece di una terminologia che sottende all\u2019azione del farmaco (\u201cinibitori selettivi della ricaptazione della serotonina\u201d, \u201cgabaergici\u201d), si propone un trattamento pi\u00f9 specializzato e rispettoso. **<\/h4>\n<p>[\/vc_column_text][vc_separator type=&#8221;transparent&#8221; up=&#8221;20&#8243; down=&#8221;16&#8243; el_class=&#8221;less_space&#8221;][\/vc_column][\/vc_row][vc_row css_animation=&#8221;&#8221; row_type=&#8221;row&#8221; use_row_as_full_screen_section=&#8221;no&#8221; type=&#8221;grid&#8221; angled_section=&#8221;no&#8221; text_align=&#8221;left&#8221; background_image_as_pattern=&#8221;without_pattern&#8221; z_index=&#8221;&#8221; el_class=&#8221;less_space&#8221;][vc_column][vc_column_text]<\/p>\n<h4 class=\"p1\">Si tratta di un lavoro di squadra che si avvale della perizia di differenti collaboratori, per vincere la sofferenza mentale da diverse prospettive, considerando le dimensioni esperienziale, socio-culturale ed esistenziale, che sono coinvolte nella generazione di significato squilibrata. Essendo del tutto cosciente che si lavora con il significato unico di ogni singola persona.<\/h4>\n<p>[\/vc_column_text][vc_separator type=&#8221;transparent&#8221; up=&#8221;20&#8243; down=&#8221;30&#8243; el_class=&#8221;separator_last&#8221;][vc_column_text]<\/p>\n<h4 class=\"p1\">La filosofia di lavoro proposta, si ispira e si basa in libri e articoli scientifici che potete sbirciare nella sezione <i>Bibliografia<\/i>. Pi\u00f9 precisamente:<\/h4>\n<p>[\/vc_column_text][vc_separator type=&#8221;transparent&#8221; up=&#8221;10&#8243; down=&#8221;10&#8243;][vc_row_inner row_type=&#8221;row&#8221; type=&#8221;full_width&#8221; text_align=&#8221;left&#8221; css_animation=&#8221;&#8221;][vc_column_inner width=&#8221;1\/2&#8243;][vc_column_text]<strong>* <\/strong>Il concetto sviluppato in questo paragrafo si ispira e fa riferimento a modelli elaborati e proposti da diversi gruppi di ricerca. Nello specifico, si basa nell\u2019elaborazione teorica proposta da Sanneke De Haan, spiegata nel libro \u201c<i>Enactive Psychiatry\u201d<\/i>.[\/vc_column_text][\/vc_column_inner][vc_column_inner width=&#8221;1\/2&#8243;][vc_column_text]<strong>** <\/strong>Il concetto sviluppato in questo paragrafo si ispira e fa riferimento a modelli elaborati e proposti da diversi gruppi di ricerca. Nello specifico, si basa nell\u2019elaborazione teorica proposta da Johanna Moncrieff, spiegata nel libro \u201c<i>Hablando claro. Una introducci\u00f3n a los f\u00e1rmacos psiqui\u00e1tricos\u201d<\/i>.[\/vc_column_text][\/vc_column_inner][\/vc_row_inner][vc_separator type=&#8221;transparent&#8221; up=&#8221;70&#8243; down=&#8221;0&#8243;][\/vc_column][\/vc_row][vc_row css_animation=&#8221;&#8221; row_type=&#8221;row&#8221; use_row_as_full_screen_section=&#8221;no&#8221; type=&#8221;full_width&#8221; angled_section=&#8221;no&#8221; text_align=&#8221;center&#8221; background_image_as_pattern=&#8221;without_pattern&#8221; z_index=&#8221;&#8221;][vc_column width=&#8221;1\/6&#8243;][\/vc_column][vc_column width=&#8221;1\/6&#8243;][\/vc_column][vc_column width=&#8221;1\/6&#8243; css=&#8221;.vc_custom_1681983610992{margin-top: 5px !important;}&#8221;]<a  itemprop=\"url\" href=\"https:\/\/oriolopsi.com\/it\/riferimenti\" target=\"_self\"  class=\"qbutton  medium default\" style=\"\">RIFERIMENTI BIBLIOGRAFICI<i class=\"qode_icon_font_awesome fa fa-paperclip qode_button_icon_element\"><\/i><\/a>[\/vc_column][vc_column width=&#8221;1\/6&#8243; css=&#8221;.vc_custom_1681983617854{margin-top: 5px !important;}&#8221;]<a  itemprop=\"url\" href=\"https:\/\/oriolopsi.com\/it\/\" target=\"_self\"  class=\"qbutton  medium default\" style=\"\">INIZIO<i class=\"qode_icon_font_awesome fa fa-home qode_button_icon_element\"><\/i><\/a>[\/vc_column][vc_column width=&#8221;1\/6&#8243;][\/vc_column][vc_column width=&#8221;1\/6&#8243;][\/vc_column][\/vc_row][vc_row css_animation=&#8221;&#8221; row_type=&#8221;row&#8221; use_row_as_full_screen_section=&#8221;no&#8221; type=&#8221;full_width&#8221; angled_section=&#8221;no&#8221; text_align=&#8221;left&#8221; background_image_as_pattern=&#8221;without_pattern&#8221;][vc_column][vc_separator type=&#8221;transparent&#8221; up=&#8221;94&#8243; down=&#8221;0&#8243;][\/vc_column][\/vc_row]<\/p>\n<\/section>","protected":false},"excerpt":{"rendered":"<p>[vc_row css_animation=&#8221;&#8221; row_type=&#8221;row&#8221; use_row_as_full_screen_section=&#8221;no&#8221; type=&#8221;grid&#8221; angled_section=&#8221;no&#8221; text_align=&#8221;left&#8221; background_image_as_pattern=&#8221;without_pattern&#8221; z_index=&#8221;&#8221; padding_top=&#8221;87&#8243;][vc_column el_class=&#8221;start&#8221;][vc_column_text] Questo progetto nasce dalla necessit\u00e0 di fornire una Salute Mentale senza fretta, con attenzione e rispetto; la persona ne rappresenta il foco, in senso ampio, totale, integrato e omnicomprensivo. [\/vc_column_text][\/vc_column][\/vc_row][vc_row css_animation=&#8221;&#8221; row_type=&#8221;row&#8221; use_row_as_full_screen_section=&#8221;no&#8221; type=&#8221;grid&#8221;&#8230;<\/p>\n","protected":false},"author":2,"featured_media":0,"parent":0,"menu_order":0,"comment_status":"open","ping_status":"open","template":"full_width.php","meta":{"footnotes":""},"class_list":["post-17302","page","type-page","status-publish","hentry"],"_links":{"self":[{"href":"https:\/\/oriolopsi.com\/it\/wp-json\/wp\/v2\/pages\/17302","targetHints":{"allow":["GET"]}}],"collection":[{"href":"https:\/\/oriolopsi.com\/it\/wp-json\/wp\/v2\/pages"}],"about":[{"href":"https:\/\/oriolopsi.com\/it\/wp-json\/wp\/v2\/types\/page"}],"author":[{"embeddable":true,"href":"https:\/\/oriolopsi.com\/it\/wp-json\/wp\/v2\/users\/2"}],"replies":[{"embeddable":true,"href":"https:\/\/oriolopsi.com\/it\/wp-json\/wp\/v2\/comments?post=17302"}],"version-history":[{"count":7,"href":"https:\/\/oriolopsi.com\/it\/wp-json\/wp\/v2\/pages\/17302\/revisions"}],"predecessor-version":[{"id":17369,"href":"https:\/\/oriolopsi.com\/it\/wp-json\/wp\/v2\/pages\/17302\/revisions\/17369"}],"wp:attachment":[{"href":"https:\/\/oriolopsi.com\/it\/wp-json\/wp\/v2\/media?parent=17302"}],"curies":[{"name":"wp","href":"https:\/\/api.w.org\/{rel}","templated":true}]}}